{"id":8,"date":"2021-04-08T20:22:18","date_gmt":"2021-04-08T18:22:18","guid":{"rendered":"http:\/\/stavebni-firma-kucera.cz\/?page_id=8"},"modified":"2021-06-13T19:48:31","modified_gmt":"2021-06-13T17:48:31","slug":"kontakt","status":"publish","type":"page","link":"https:\/\/stavebni-firma-kucera.cz\/index.php\/kontakt\/","title":{"rendered":"Kontakt"},"content":{"rendered":"\t\t<div data-elementor-type=\"wp-page\" data-elementor-id=\"8\" class=\"elementor elementor-8\" data-elementor-settings=\"[]\">\n\t\t\t\t\t\t\t<div class=\"elementor-section-wrap\">\n\t\t\t\t\t\t\t<section class=\"elementor-section elementor-top-section elementor-element elementor-element-3c86e0c elementor-section-boxed elementor-section-height-default elementor-section-height-default\" data-id=\"3c86e0c\" data-element_type=\"section\">\n\t\t\t\t\t\t<div class=\"elementor-container elementor-column-gap-default\">\n\t\t\t\t\t<div class=\"elementor-column elementor-col-100 elementor-top-column elementor-element elementor-element-12b9b06\" data-id=\"12b9b06\" data-element_type=\"column\">\n\t\t\t<div class=\"elementor-widget-wrap elementor-element-populated\">\n\t\t\t\t\t\t\t\t<div class=\"elementor-element elementor-element-4cb518f elementor-widget elementor-widget-text-editor\" data-id=\"4cb518f\" data-element_type=\"widget\" data-widget_type=\"text-editor.default\">\n\t\t\t\t<div class=\"elementor-widget-container\">\n\t\t\t\t\t<div class=\"elementor-text-editor elementor-clearfix\"><h1><strong><span style=\"color: #000000;\">KONTAKT<\/span><\/strong><\/h1><h2><span style=\"color: #333399;\"><strong><em>STAVEBN\u00cd FIRMA KU\u010cERA<\/em><\/strong><\/span><\/h2><h2><span style=\"color: #000000;\"><strong>Stanislav Ku\u010dera<\/strong><\/span><\/h2><p><span style=\"color: #000000;\">Polepy \u010d.p.83<\/span><\/p><p><span style=\"color: #000000;\">280 02, okres Kol\u00edn<\/span><\/p><p><span style=\"color: #000000;\">I\u010c: 40009475<\/span><\/p><p><span style=\"color: #000000;\">DI\u010c: 034- 67 11 05 1787<\/span><\/p><p><span style=\"color: #000000;\">Mobil:<\/span> <span style=\"color: #333399;\"><strong>607 873 280<\/strong><\/span><\/p><p><span style=\"color: #000000;\">E-mail:<\/span><strong><span style=\"color: #333399;\">\u00a0kucerapolepy@seznam.cz<\/span><\/strong><\/p><\/div>\n\t\t\t\t<\/div>\n\t\t\t\t<\/div>\n\t\t\t\t<div class=\"elementor-element elementor-element-c8539fc elementor-widget elementor-widget-google_maps\" data-id=\"c8539fc\" data-element_type=\"widget\" data-widget_type=\"google_maps.default\">\n\t\t\t\t<div class=\"elementor-widget-container\">\n\t\t\t<div class=\"elementor-custom-embed\"><iframe frameborder=\"0\" scrolling=\"no\" marginheight=\"0\" marginwidth=\"0\" src=\"https:\/\/maps.google.com\/maps?q=Polepy%2083%2C%20Kol%C3%ADn&amp;t=m&amp;z=10&amp;output=embed&amp;iwloc=near\" title=\"Polepy 83, Kol\u00edn\" aria-label=\"Polepy 83, Kol\u00edn\"><\/iframe><\/div>\t\t<\/div>\n\t\t\t\t<\/div>\n\t\t\t\t\t<\/div>\n\t\t<\/div>\n\t\t\t\t\t\t\t<\/div>\n\t\t<\/section>\n\t\t\t\t\t\t<\/div>\n\t\t\t\t\t<\/div>\n\t\t","protected":false},"excerpt":{"rendered":"<p>KONTAKT STAVEBN\u00cd FIRMA KU\u010cERA Stanislav Ku\u010dera Polepy \u010d.p.83 280 02, okres Kol\u00edn I\u010c: 40009475 DI\u010c: 034- 67 11 05 1787 Mobil: 607 873 280 E-mail:\u00a0kucerapolepy@seznam.cz<\/p>\n","protected":false},"author":1,"featured_media":0,"parent":0,"menu_order":0,"comment_status":"closed","ping_status":"closed","template":"elementor_header_footer","meta":{"footnotes":""},"class_list":["post-8","page","type-page","status-publish","hentry"],"_links":{"self":[{"href":"https:\/\/stavebni-firma-kucera.cz\/index.php\/wp-json\/wp\/v2\/pages\/8","targetHints":{"allow":["GET"]}}],"collection":[{"href":"https:\/\/stavebni-firma-kucera.cz\/index.php\/wp-json\/wp\/v2\/pages"}],"about":[{"href":"https:\/\/stavebni-firma-kucera.cz\/index.php\/wp-json\/wp\/v2\/types\/page"}],"author":[{"embeddable":true,"href":"https:\/\/stavebni-firma-kucera.cz\/index.php\/wp-json\/wp\/v2\/users\/1"}],"replies":[{"embeddable":true,"href":"https:\/\/stavebni-firma-kucera.cz\/index.php\/wp-json\/wp\/v2\/comments?post=8"}],"version-history":[{"count":34,"href":"https:\/\/stavebni-firma-kucera.cz\/index.php\/wp-json\/wp\/v2\/pages\/8\/revisions"}],"predecessor-version":[{"id":278,"href":"https:\/\/stavebni-firma-kucera.cz\/index.php\/wp-json\/wp\/v2\/pages\/8\/revisions\/278"}],"wp:attachment":[{"href":"https:\/\/stavebni-firma-kucera.cz\/index.php\/wp-json\/wp\/v2\/media?parent=8"}],"curies":[{"name":"wp","href":"https:\/\/api.w.org\/{rel}","templated":true}]}}