{"id":7,"date":"2021-04-08T20:22:18","date_gmt":"2021-04-08T18:22:18","guid":{"rendered":"http:\/\/stavebni-firma-kucera.cz\/?page_id=7"},"modified":"2021-06-13T21:20:54","modified_gmt":"2021-06-13T19:20:54","slug":"o-nas","status":"publish","type":"page","link":"https:\/\/stavebni-firma-kucera.cz\/","title":{"rendered":"O n\u00e1s"},"content":{"rendered":"\t\t<div data-elementor-type=\"wp-page\" data-elementor-id=\"7\" class=\"elementor elementor-7\" data-elementor-settings=\"[]\">\n\t\t\t\t\t\t\t<div class=\"elementor-section-wrap\">\n\t\t\t\t\t\t\t<section class=\"elementor-section elementor-top-section elementor-element elementor-element-8c1a421 elementor-section-boxed elementor-section-height-default elementor-section-height-default\" data-id=\"8c1a421\" data-element_type=\"section\">\n\t\t\t\t\t\t<div class=\"elementor-container elementor-column-gap-default\">\n\t\t\t\t\t<div class=\"elementor-column elementor-col-100 elementor-top-column elementor-element elementor-element-838d2a4\" data-id=\"838d2a4\" data-element_type=\"column\">\n\t\t\t<div class=\"elementor-widget-wrap elementor-element-populated\">\n\t\t\t\t\t\t\t\t<div class=\"elementor-element elementor-element-e3c989d elementor-widget elementor-widget-heading\" data-id=\"e3c989d\" data-element_type=\"widget\" data-widget_type=\"heading.default\">\n\t\t\t\t<div class=\"elementor-widget-container\">\n\t\t\t<h2 class=\"elementor-heading-title elementor-size-default\">O N\u00c1S<\/h2>\t\t<\/div>\n\t\t\t\t<\/div>\n\t\t\t\t\t<\/div>\n\t\t<\/div>\n\t\t\t\t\t\t\t<\/div>\n\t\t<\/section>\n\t\t\t\t<section class=\"elementor-section elementor-top-section elementor-element elementor-element-de642d6 elementor-section-boxed elementor-section-height-default elementor-section-height-default\" data-id=\"de642d6\" data-element_type=\"section\">\n\t\t\t\t\t\t<div class=\"elementor-container elementor-column-gap-default\">\n\t\t\t\t\t<div class=\"elementor-column elementor-col-100 elementor-top-column elementor-element elementor-element-1c31ac2\" data-id=\"1c31ac2\" data-element_type=\"column\">\n\t\t\t<div class=\"elementor-widget-wrap elementor-element-populated\">\n\t\t\t\t\t\t\t\t<div class=\"elementor-element elementor-element-a36c9ee elementor-position-left elementor-vertical-align-middle elementor-widget elementor-widget-image-box\" data-id=\"a36c9ee\" data-element_type=\"widget\" data-widget_type=\"image-box.default\">\n\t\t\t\t<div class=\"elementor-widget-container\">\n\t\t\t<div class=\"elementor-image-box-wrapper\"><figure class=\"elementor-image-box-img\"><img loading=\"lazy\" decoding=\"async\" width=\"300\" height=\"210\" src=\"https:\/\/stavebni-firma-kucera.cz\/wp-content\/uploads\/2021\/04\/logo-Stavebni-prace.jpg\" class=\"attachment-medium_large size-medium_large\" alt=\"\" sizes=\"auto, 100vw\" \/><\/figure><div class=\"elementor-image-box-content\"><p class=\"elementor-image-box-description\">Jsme stavebn\u00ed firma p\u016fsob\u00edc\u00ed na trhu od roku 1992 a zam\u011bstn\u00e1v\u00e1me t\u00fdm vy\u0161kolen\u00fdch odborn\u00edk\u016f ve&nbsp; &nbsp; &nbsp; &nbsp; &nbsp; &nbsp; &nbsp; &nbsp; &nbsp; &nbsp;    stavitelstv\u00ed. Zab\u00fdv\u00e1me se p\u0159edev\u0161\u00edm v\u00fdstavbou a rekonstrukc\u00ed rodinn\u00fdch dom\u016f a rekonstrukc\u00ed bytov\u00fdch&nbsp; &nbsp; &nbsp; &nbsp; &nbsp; &nbsp; &nbsp; &nbsp; &nbsp; &nbsp; &nbsp; &nbsp;jednotek v\u010detn\u011b bytov\u00fdch jader.&nbsp; Ve\u0161ker\u00e9 stavebn\u00ed pr\u00e1ce lze u n\u00e1s zajistit na kl\u00ed\u010d. Speci\u00e1ln\u00ed pr\u00e1ce nutn\u00e9 k&nbsp; &nbsp; &nbsp; &nbsp; &nbsp; &nbsp; &nbsp; &nbsp; &nbsp; &nbsp;realizaci jsou zaji\u0161\u0165ov\u00e1ny formou subdod\u00e1vky. Pro na\u0161e z\u00e1kazn\u00edky v p\u0159\u00edpad\u011b z\u00e1jmu zajist\u00edme ve\u0161ker\u00e9&nbsp; &nbsp; &nbsp; &nbsp; &nbsp; &nbsp; &nbsp; &nbsp; &nbsp; &nbsp; &nbsp; &nbsp; &nbsp;dokumenty souvisej\u00edc\u00ed se stavbou( stavebn\u00ed povolen\u00ed, projektov\u00e1 dokumentace, kolaudace apod.). Za&nbsp; &nbsp; &nbsp; &nbsp; &nbsp; &nbsp; &nbsp; &nbsp; &nbsp; &nbsp; &nbsp; &nbsp; &nbsp;ve\u0161ker\u00e9 pr\u00e1ce v\u0161ak jako firma ru\u010d\u00edme my.&nbsp;Spokojenost z\u00e1kazn\u00edka je u n\u00e1s na prvn\u00edm m\u00edst\u011b, proto je o&nbsp; &nbsp; &nbsp; &nbsp; &nbsp; &nbsp; &nbsp; &nbsp; &nbsp; &nbsp; &nbsp; &nbsp; &nbsp;stavb\u011b pr\u016fb\u011b\u017en\u011b informov\u00e1n.&nbsp;<\/p><\/div><\/div>\t\t<\/div>\n\t\t\t\t<\/div>\n\t\t\t\t<div class=\"elementor-element elementor-element-7e58877 elementor-widget elementor-widget-text-editor\" data-id=\"7e58877\" data-element_type=\"widget\" data-widget_type=\"text-editor.default\">\n\t\t\t\t<div class=\"elementor-widget-container\">\n\t\t\t\t\t<div class=\"elementor-text-editor elementor-clearfix\"><p style=\"text-align: left;\">\u00a0 \u00a0 \u00a0 \u00a0 \u00a0 \u00a0 \u00a0 \u00a0 \u00a0 \u00a0 \u00a0 \u00a0 \u00a0 \u00a0 \u00a0 \u00a0 \u00a0 \u00a0 \u00a0 \u00a0 \u00a0 \u00a0 \u00a0 \u00a0 \u00a0 \u00a0 \u00a0 \u00a0 \u00a0 \u00a0 \u00a0 \u00a0 \u00a0 \u00a0 \u00a0 \u00a0 \u00a0 \u00a0 \u00a0\u00a0<\/p><\/div>\n\t\t\t\t<\/div>\n\t\t\t\t<\/div>\n\t\t\t\t\t<\/div>\n\t\t<\/div>\n\t\t\t\t\t\t\t<\/div>\n\t\t<\/section>\n\t\t\t\t\t\t<\/div>\n\t\t\t\t\t<\/div>\n\t\t","protected":false},"excerpt":{"rendered":"<p>O N\u00c1S Jsme stavebn\u00ed firma p\u016fsob\u00edc\u00ed na trhu od roku 1992 a zam\u011bstn\u00e1v\u00e1me t\u00fdm vy\u0161kolen\u00fdch odborn\u00edk\u016f ve&nbsp; &nbsp; &nbsp; &nbsp; &nbsp; &nbsp; &nbsp; &nbsp; &nbsp; &nbsp; stavitelstv\u00ed. Zab\u00fdv\u00e1me se p\u0159edev\u0161\u00edm v\u00fdstavbou a rekonstrukc\u00ed rodinn\u00fdch dom\u016f a rekonstrukc\u00ed bytov\u00fdch&nbsp; &nbsp; &nbsp; &nbsp; &nbsp; &nbsp; &nbsp; &nbsp; &nbsp; &nbsp; &nbsp; &nbsp;jednotek v\u010detn\u011b bytov\u00fdch jader.&nbsp; Ve\u0161ker\u00e9 stavebn\u00ed pr\u00e1ce &hellip; <\/p>\n<p class=\"link-more\"><a href=\"https:\/\/stavebni-firma-kucera.cz\/\" class=\"more-link\">Pokra\u010dovat ve \u010dten\u00ed<span class=\"screen-reader-text\"> &#8222;O n\u00e1s&#8220;<\/span><\/a><\/p>\n","protected":false},"author":1,"featured_media":0,"parent":0,"menu_order":0,"comment_status":"closed","ping_status":"closed","template":"elementor_header_footer","meta":{"footnotes":""},"class_list":["post-7","page","type-page","status-publish","hentry"],"_links":{"self":[{"href":"https:\/\/stavebni-firma-kucera.cz\/index.php\/wp-json\/wp\/v2\/pages\/7","targetHints":{"allow":["GET"]}}],"collection":[{"href":"https:\/\/stavebni-firma-kucera.cz\/index.php\/wp-json\/wp\/v2\/pages"}],"about":[{"href":"https:\/\/stavebni-firma-kucera.cz\/index.php\/wp-json\/wp\/v2\/types\/page"}],"author":[{"embeddable":true,"href":"https:\/\/stavebni-firma-kucera.cz\/index.php\/wp-json\/wp\/v2\/users\/1"}],"replies":[{"embeddable":true,"href":"https:\/\/stavebni-firma-kucera.cz\/index.php\/wp-json\/wp\/v2\/comments?post=7"}],"version-history":[{"count":68,"href":"https:\/\/stavebni-firma-kucera.cz\/index.php\/wp-json\/wp\/v2\/pages\/7\/revisions"}],"predecessor-version":[{"id":482,"href":"https:\/\/stavebni-firma-kucera.cz\/index.php\/wp-json\/wp\/v2\/pages\/7\/revisions\/482"}],"wp:attachment":[{"href":"https:\/\/stavebni-firma-kucera.cz\/index.php\/wp-json\/wp\/v2\/media?parent=7"}],"curies":[{"name":"wp","href":"https:\/\/api.w.org\/{rel}","templated":true}]}}