{"id":102,"date":"2021-04-15T16:27:07","date_gmt":"2021-04-15T14:27:07","guid":{"rendered":"http:\/\/stavebni-firma-kucera.cz\/?page_id=102"},"modified":"2021-06-13T19:52:47","modified_gmt":"2021-06-13T17:52:47","slug":"102-2","status":"publish","type":"page","link":"https:\/\/stavebni-firma-kucera.cz\/index.php\/102-2\/","title":{"rendered":"Na\u0161e slu\u017eby"},"content":{"rendered":"\t\t<div data-elementor-type=\"wp-page\" data-elementor-id=\"102\" class=\"elementor elementor-102\" data-elementor-settings=\"[]\">\n\t\t\t\t\t\t\t<div class=\"elementor-section-wrap\">\n\t\t\t\t\t\t\t<section class=\"elementor-section elementor-top-section elementor-element elementor-element-a6f8b9b elementor-section-height-min-height elementor-section-boxed elementor-section-height-default elementor-section-items-middle\" data-id=\"a6f8b9b\" data-element_type=\"section\">\n\t\t\t\t\t\t<div class=\"elementor-container elementor-column-gap-default\">\n\t\t\t\t\t<div class=\"elementor-column elementor-col-100 elementor-top-column elementor-element elementor-element-fca54b3\" data-id=\"fca54b3\" data-element_type=\"column\">\n\t\t\t<div class=\"elementor-widget-wrap elementor-element-populated\">\n\t\t\t\t\t\t\t\t<div class=\"elementor-element elementor-element-0be80ca elementor-widget elementor-widget-text-editor\" data-id=\"0be80ca\" data-element_type=\"widget\" data-widget_type=\"text-editor.default\">\n\t\t\t\t<div class=\"elementor-widget-container\">\n\t\t\t\t\t<div class=\"elementor-text-editor elementor-clearfix\"><h1><strong><span style=\"color: #000000;\">NA\u0160E SLU\u017dBY<\/span><\/strong><\/h1><h6><span style=\"color: #003366;\"><img decoding=\"async\" class=\"emoji\" role=\"img\" draggable=\"false\" src=\"https:\/\/s.w.org\/images\/core\/emoji\/13.0.1\/svg\/25aa.svg\" alt=\"\u25aa\" \/>Stavby<\/span><\/h6><p><span style=\"color: #333399;\">Novostavby &#8211; <\/span>rodinn\u00e9 domy, pr\u016fmyslov\u00e9 stavby<\/p><p><span style=\"color: #333399;\">Rekonstrukce &#8211; <\/span>rodinn\u00e9 domy, byty, koupelny, budovy<\/p><h6><span style=\"color: #003366;\"><img decoding=\"async\" class=\"emoji\" role=\"img\" draggable=\"false\" src=\"https:\/\/s.w.org\/images\/core\/emoji\/13.0.1\/svg\/25aa.svg\" alt=\"\u25aa\" \/>Zemn\u00ed a v\u00fdkopov\u00e9 pr\u00e1ce<\/span><\/h6><p><a href=\"http:\/\/www.bagry-kucera.cz\" target=\"_blank\" rel=\"noopener\"><strong style=\"color: #333333; font-size: 1.125rem;\"><span style=\"color: #ff0000;\">\u00a0<\/span>http:\/\/www.bagry-kucera.cz<\/strong><\/a><\/p><h6><span style=\"color: #003366;\"><img decoding=\"async\" class=\"emoji\" role=\"img\" draggable=\"false\" src=\"https:\/\/s.w.org\/images\/core\/emoji\/13.0.1\/svg\/25aa.svg\" alt=\"\u25aa\" \/>Zateplov\u00e1n\u00ed\u00a0<\/span><\/h6><p><span style=\"color: #ff0000;\"><span style=\"color: #333399;\">Zateplov\u00e1n\u00ed fas\u00e1d<\/span> <span style=\"color: #003366;\">&#8211; <\/span><\/span>rodinn\u00fdch dom\u016f, gar\u00e1\u017e\u00ed, budov<\/p><h6><span style=\"color: #003366;\" data-wp-editing=\"1\"><img decoding=\"async\" class=\"emoji\" role=\"img\" draggable=\"false\" src=\"https:\/\/s.w.org\/images\/core\/emoji\/13.0.1\/svg\/25aa.svg\" alt=\"\u25aa\" \/>Obklady a dla\u017eby<\/span><\/h6><p><span style=\"color: #333399;\">Keramick\u00e9 &#8211; <\/span>koupelny, wc, kuchyn\u011b, podlahy, balkony, schody<\/p><p><span style=\"color: #333399;\">Betonov\u00e9<span style=\"font-family: var( --e-global-typography-text-font-family ), Sans-serif; font-weight: var( --e-global-typography-text-font-weight ); font-size: 1rem;\">\u00a0 &#8211; <\/span><\/span>terasy, p\u0159\u00edstupov\u00e9 chodn\u00ed\u010dky, obruby, okol\u00ed baz\u00e9n\u016f<\/p><p><span style=\"color: #333399;\">Z\u00e1mkov\u00e9 dla\u017eby &#8211; <\/span>terasy, chodn\u00edky, vjezdy, p\u0159\u00edjezdov\u00e9 cesty<\/p><h6><span style=\"color: #000000;\"><img decoding=\"async\" class=\"emoji\" role=\"img\" draggable=\"false\" src=\"https:\/\/s.w.org\/images\/core\/emoji\/13.0.1\/svg\/25aa.svg\" alt=\"\u25aa\" \/>Betony<\/span><\/h6><ul><li>z\u00e1kladov\u00e9 p\u00e1sy, z\u00e1kladov\u00e9 desky, vrchn\u00ed beton, ztu\u017euj\u00edc\u00ed v\u011bnce<\/li><\/ul><h6><span style=\"color: #003366;\"><img decoding=\"async\" class=\"emoji\" role=\"img\" draggable=\"false\" src=\"https:\/\/s.w.org\/images\/core\/emoji\/13.0.1\/svg\/25aa.svg\" alt=\"\u25aa\" \/>Baz\u00e9ny<\/span><\/h6><ul><li>p\u0159\u00edprava pod baz\u00e9n, osazov\u00e1n\u00ed baz\u00e9n\u016f, dokon\u010dovac\u00ed pr\u00e1ce baz\u00e9nu, p\u0159\u00edprava pro zast\u0159e\u0161en\u00ed baz\u00e9nu<\/li><\/ul><h6><span style=\"color: #003366;\"><img decoding=\"async\" class=\"emoji\" role=\"img\" draggable=\"false\" src=\"https:\/\/s.w.org\/images\/core\/emoji\/13.0.1\/svg\/25aa.svg\" alt=\"\u25aa\" \/>Podlahy<\/span><\/h6><ul><li>d\u0159ev\u011bn\u00e9 podlahy, lamin\u00e1tov\u00e9 podlahy, plovouc\u00ed podlahy<\/li><\/ul><h6><span style=\"color: #003366;\"><img decoding=\"async\" class=\"emoji\" role=\"img\" draggable=\"false\" src=\"https:\/\/s.w.org\/images\/core\/emoji\/13.0.1\/svg\/25aa.svg\" alt=\"\u25aa\" \/>Instalat\u00e9rsk\u00e9, topen\u00e1\u0159sk\u00e9 a elektrik\u00e1\u0159sk\u00e9 pr\u00e1ce<\/span><\/h6><h6><span style=\"color: #003366;\"><img decoding=\"async\" class=\"emoji\" role=\"img\" draggable=\"false\" src=\"https:\/\/s.w.org\/images\/core\/emoji\/13.0.1\/svg\/25aa.svg\" alt=\"\u25aa\" \/>V\u00fdstavba kom\u00edn\u016f<\/span><\/h6><ul><li>Eko kom\u00edn, Heluz kom\u00edn, Schiedel kom\u00edn<\/li><\/ul><\/div>\n\t\t\t\t<\/div>\n\t\t\t\t<\/div>\n\t\t\t\t\t<\/div>\n\t\t<\/div>\n\t\t\t\t\t\t\t<\/div>\n\t\t<\/section>\n\t\t\t\t\t\t<\/div>\n\t\t\t\t\t<\/div>\n\t\t","protected":false},"excerpt":{"rendered":"<p>NA\u0160E SLU\u017dBY Stavby Novostavby &#8211; rodinn\u00e9 domy, pr\u016fmyslov\u00e9 stavby Rekonstrukce &#8211; rodinn\u00e9 domy, byty, koupelny, budovy Zemn\u00ed a v\u00fdkopov\u00e9 pr\u00e1ce \u00a0http:\/\/www.bagry-kucera.cz Zateplov\u00e1n\u00ed\u00a0 Zateplov\u00e1n\u00ed fas\u00e1d &#8211; rodinn\u00fdch dom\u016f, gar\u00e1\u017e\u00ed, budov Obklady a dla\u017eby Keramick\u00e9 &#8211; koupelny, wc, kuchyn\u011b, podlahy, balkony, schody Betonov\u00e9\u00a0 &#8211; terasy, p\u0159\u00edstupov\u00e9 chodn\u00ed\u010dky, obruby, okol\u00ed baz\u00e9n\u016f Z\u00e1mkov\u00e9 dla\u017eby &#8211; terasy, chodn\u00edky, vjezdy, p\u0159\u00edjezdov\u00e9 &hellip; <\/p>\n<p class=\"link-more\"><a href=\"https:\/\/stavebni-firma-kucera.cz\/index.php\/102-2\/\" class=\"more-link\">Pokra\u010dovat ve \u010dten\u00ed<span class=\"screen-reader-text\"> &#8222;Na\u0161e slu\u017eby&#8220;<\/span><\/a><\/p>\n","protected":false},"author":1,"featured_media":0,"parent":0,"menu_order":0,"comment_status":"closed","ping_status":"closed","template":"elementor_header_footer","meta":{"footnotes":""},"class_list":["post-102","page","type-page","status-publish","hentry"],"_links":{"self":[{"href":"https:\/\/stavebni-firma-kucera.cz\/index.php\/wp-json\/wp\/v2\/pages\/102","targetHints":{"allow":["GET"]}}],"collection":[{"href":"https:\/\/stavebni-firma-kucera.cz\/index.php\/wp-json\/wp\/v2\/pages"}],"about":[{"href":"https:\/\/stavebni-firma-kucera.cz\/index.php\/wp-json\/wp\/v2\/types\/page"}],"author":[{"embeddable":true,"href":"https:\/\/stavebni-firma-kucera.cz\/index.php\/wp-json\/wp\/v2\/users\/1"}],"replies":[{"embeddable":true,"href":"https:\/\/stavebni-firma-kucera.cz\/index.php\/wp-json\/wp\/v2\/comments?post=102"}],"version-history":[{"count":66,"href":"https:\/\/stavebni-firma-kucera.cz\/index.php\/wp-json\/wp\/v2\/pages\/102\/revisions"}],"predecessor-version":[{"id":284,"href":"https:\/\/stavebni-firma-kucera.cz\/index.php\/wp-json\/wp\/v2\/pages\/102\/revisions\/284"}],"wp:attachment":[{"href":"https:\/\/stavebni-firma-kucera.cz\/index.php\/wp-json\/wp\/v2\/media?parent=102"}],"curies":[{"name":"wp","href":"https:\/\/api.w.org\/{rel}","templated":true}]}}